{"id":3408,"date":"2018-06-13T11:23:51","date_gmt":"2018-06-13T09:23:51","guid":{"rendered":"https:\/\/www.kamp-nadiza.com\/?page_id=3408"},"modified":"2018-06-13T11:24:12","modified_gmt":"2018-06-13T09:24:12","slug":"breginj-corner","status":"publish","type":"page","link":"https:\/\/www.kamp-nadiza.com\/en\/surroundings\/breginj-corner\/","title":{"rendered":"Breginjski kot &#8211; Breginj Corner"},"content":{"rendered":"<h2>Breginjski kot<\/h2>\n<p>Breginjski Kot (\u201cBreginj Corner\u201d) is a valley at the western limit of Slovenia, lying between the villages of Staro Selo and Breginj, and along the border with Italy. The valley is bounded by the impressive Stol mountain to the North  and Mt. Mija to the south. <\/p>\n<p>Dotted along the path of the River Nadi\u017ea are 13 small villages, including Slovenia\u2019s westernmost settlement, the tiny village of Robidi\u0161\u010de. Pristine nature together with rustic culture are what this valley offers to its guests.<br \/>\nNestled away in the bosom of Breginjski Kot valley, lies the charming village of Podbela. A stone\u2019s throw from the village, Kamp Nadi\u017ea sits aside the River Nadi\u017ea, or Natisone, as it\u2019s known in Italy. The campsite warmly welcomes all with a love of unspoiled nature and offers the chance to bathe in pristine mountain waters with beautiful clay, shingle and rock forms among which to frolic in the water.<\/p>\n<p>It is even said locally that the river is imbued with certain healing properties\u2026 perhaps owing to the presence of the clay along its bed.<\/p>\n\n\t\t<style type=\"text\/css\">\n\t\t\t#gallery-1 {\n\t\t\t\tmargin: auto;\n\t\t\t}\n\t\t\t#gallery-1 .gallery-item {\n\t\t\t\tfloat: left;\n\t\t\t\tmargin-top: 10px;\n\t\t\t\ttext-align: center;\n\t\t\t\twidth: 33%;\n\t\t\t}\n\t\t\t#gallery-1 img {\n\t\t\t\tborder: 2px solid #cfcfcf;\n\t\t\t}\n\t\t\t#gallery-1 .gallery-caption {\n\t\t\t\tmargin-left: 0;\n\t\t\t}\n\t\t\t\/* see gallery_shortcode() in wp-includes\/media.php *\/\n\t\t<\/style>\n\t\t<div id='gallery-1' class='gallery galleryid-3408 gallery-columns-3 gallery-size-large'><dl class='gallery-item'>\n\t\t\t<dt class='gallery-icon landscape'>\n\t\t\t\t<a href='https:\/\/www.kamp-nadiza.com\/wp-content\/uploads\/2017\/01\/DSC_0064copy.jpg' title=\"\" data-rl_title=\"\" class=\"rl-gallery-link\" data-rl_caption=\"\" data-rel=\"lightbox-gallery-1\"><img width=\"604\" height=\"403\" src=\"https:\/\/www.kamp-nadiza.com\/wp-content\/uploads\/2017\/01\/DSC_0064copy-1024x684.jpg\" class=\"attachment-large size-large\" alt=\"\" loading=\"lazy\" aria-describedby=\"gallery-1-2812\" srcset=\"https:\/\/www.kamp-nadiza.com\/wp-content\/uploads\/2017\/01\/DSC_0064copy-1024x684.jpg 1024w, https:\/\/www.kamp-nadiza.com\/wp-content\/uploads\/2017\/01\/DSC_0064copy-300x200.jpg 300w, https:\/\/www.kamp-nadiza.com\/wp-content\/uploads\/2017\/01\/DSC_0064copy-768x513.jpg 768w, https:\/\/www.kamp-nadiza.com\/wp-content\/uploads\/2017\/01\/DSC_0064copy.jpg 1997w\" sizes=\"(max-width: 604px) 100vw, 604px\" \/><\/a>\n\t\t\t<\/dt>\n\t\t\t\t<dd class='wp-caption-text gallery-caption' id='gallery-1-2812'>\n\t\t\t\tBreginj\n\t\t\t\t<\/dd><\/dl><dl class='gallery-item'>\n\t\t\t<dt class='gallery-icon landscape'>\n\t\t\t\t<a href='https:\/\/www.kamp-nadiza.com\/wp-content\/uploads\/2017\/01\/DSC_0059.jpg' title=\"\" data-rl_title=\"\" class=\"rl-gallery-link\" data-rl_caption=\"\" data-rel=\"lightbox-gallery-1\"><img width=\"604\" height=\"402\" src=\"https:\/\/www.kamp-nadiza.com\/wp-content\/uploads\/2017\/01\/DSC_0059-1024x682.jpg\" class=\"attachment-large size-large\" alt=\"\" loading=\"lazy\" aria-describedby=\"gallery-1-2817\" srcset=\"https:\/\/www.kamp-nadiza.com\/wp-content\/uploads\/2017\/01\/DSC_0059-1024x682.jpg 1024w, https:\/\/www.kamp-nadiza.com\/wp-content\/uploads\/2017\/01\/DSC_0059-300x200.jpg 300w, https:\/\/www.kamp-nadiza.com\/wp-content\/uploads\/2017\/01\/DSC_0059-768x512.jpg 768w, https:\/\/www.kamp-nadiza.com\/wp-content\/uploads\/2017\/01\/DSC_0059.jpg 2000w\" sizes=\"(max-width: 604px) 100vw, 604px\" \/><\/a>\n\t\t\t<\/dt>\n\t\t\t\t<dd class='wp-caption-text gallery-caption' id='gallery-1-2817'>\n\t\t\t\tMost na Nadi\u017ei\n\t\t\t\t<\/dd><\/dl><dl class='gallery-item'>\n\t\t\t<dt class='gallery-icon landscape'>\n\t\t\t\t<a href='https:\/\/www.kamp-nadiza.com\/wp-content\/uploads\/2017\/01\/041.jpg' title=\"\" data-rl_title=\"\" class=\"rl-gallery-link\" data-rl_caption=\"\" data-rel=\"lightbox-gallery-1\"><img width=\"604\" height=\"403\" src=\"https:\/\/www.kamp-nadiza.com\/wp-content\/uploads\/2017\/01\/041-1024x684.jpg\" class=\"attachment-large size-large\" alt=\"\" loading=\"lazy\" aria-describedby=\"gallery-1-2816\" srcset=\"https:\/\/www.kamp-nadiza.com\/wp-content\/uploads\/2017\/01\/041-1024x684.jpg 1024w, https:\/\/www.kamp-nadiza.com\/wp-content\/uploads\/2017\/01\/041-300x200.jpg 300w, https:\/\/www.kamp-nadiza.com\/wp-content\/uploads\/2017\/01\/041-768x513.jpg 768w, https:\/\/www.kamp-nadiza.com\/wp-content\/uploads\/2017\/01\/041.jpg 2000w\" sizes=\"(max-width: 604px) 100vw, 604px\" \/><\/a>\n\t\t\t<\/dt>\n\t\t\t\t<dd class='wp-caption-text gallery-caption' id='gallery-1-2816'>\n\t\t\t\tPodbela &#038; kamp Nadi\u017ea\n\t\t\t\t<\/dd><\/dl><br style=\"clear: both\" \/><dl class='gallery-item'>\n\t\t\t<dt class='gallery-icon landscape'>\n\t\t\t\t<a href='https:\/\/www.kamp-nadiza.com\/wp-content\/uploads\/2017\/01\/DSCN5541.jpg' title=\"\" data-rl_title=\"\" class=\"rl-gallery-link\" data-rl_caption=\"\" data-rel=\"lightbox-gallery-1\"><img width=\"604\" height=\"403\" src=\"https:\/\/www.kamp-nadiza.com\/wp-content\/uploads\/2017\/01\/DSCN5541-1024x684.jpg\" class=\"attachment-large size-large\" alt=\"\" loading=\"lazy\" aria-describedby=\"gallery-1-2810\" srcset=\"https:\/\/www.kamp-nadiza.com\/wp-content\/uploads\/2017\/01\/DSCN5541-1024x684.jpg 1024w, https:\/\/www.kamp-nadiza.com\/wp-content\/uploads\/2017\/01\/DSCN5541-300x200.jpg 300w, https:\/\/www.kamp-nadiza.com\/wp-content\/uploads\/2017\/01\/DSCN5541-768x513.jpg 768w, https:\/\/www.kamp-nadiza.com\/wp-content\/uploads\/2017\/01\/DSCN5541.jpg 2000w\" sizes=\"(max-width: 604px) 100vw, 604px\" \/><\/a>\n\t\t\t<\/dt>\n\t\t\t\t<dd class='wp-caption-text gallery-caption' id='gallery-1-2810'>\n\t\t\t\tRobi\u010d\n\t\t\t\t<\/dd><\/dl><dl class='gallery-item'>\n\t\t\t<dt class='gallery-icon landscape'>\n\t\t\t\t<a href='https:\/\/www.kamp-nadiza.com\/wp-content\/uploads\/2017\/01\/DSC5150.jpg' title=\"\" data-rl_title=\"\" class=\"rl-gallery-link\" data-rl_caption=\"\" data-rel=\"lightbox-gallery-1\"><img width=\"604\" height=\"403\" src=\"https:\/\/www.kamp-nadiza.com\/wp-content\/uploads\/2017\/01\/DSC5150-1024x684.jpg\" class=\"attachment-large size-large\" alt=\"\" loading=\"lazy\" aria-describedby=\"gallery-1-2814\" srcset=\"https:\/\/www.kamp-nadiza.com\/wp-content\/uploads\/2017\/01\/DSC5150-1024x684.jpg 1024w, https:\/\/www.kamp-nadiza.com\/wp-content\/uploads\/2017\/01\/DSC5150-300x200.jpg 300w, https:\/\/www.kamp-nadiza.com\/wp-content\/uploads\/2017\/01\/DSC5150-768x513.jpg 768w, https:\/\/www.kamp-nadiza.com\/wp-content\/uploads\/2017\/01\/DSC5150.jpg 2000w\" sizes=\"(max-width: 604px) 100vw, 604px\" \/><\/a>\n\t\t\t<\/dt>\n\t\t\t\t<dd class='wp-caption-text gallery-caption' id='gallery-1-2814'>\n\t\t\t\tNadi\u017ea\n\t\t\t\t<\/dd><\/dl><dl class='gallery-item'>\n\t\t\t<dt class='gallery-icon landscape'>\n\t\t\t\t<a href='https:\/\/www.kamp-nadiza.com\/wp-content\/uploads\/2017\/01\/DSC5140.jpg' title=\"\" data-rl_title=\"\" class=\"rl-gallery-link\" data-rl_caption=\"\" data-rel=\"lightbox-gallery-1\"><img width=\"604\" height=\"403\" src=\"https:\/\/www.kamp-nadiza.com\/wp-content\/uploads\/2017\/01\/DSC5140-1024x684.jpg\" class=\"attachment-large size-large\" alt=\"\" loading=\"lazy\" aria-describedby=\"gallery-1-2813\" srcset=\"https:\/\/www.kamp-nadiza.com\/wp-content\/uploads\/2017\/01\/DSC5140-1024x684.jpg 1024w, https:\/\/www.kamp-nadiza.com\/wp-content\/uploads\/2017\/01\/DSC5140-300x200.jpg 300w, https:\/\/www.kamp-nadiza.com\/wp-content\/uploads\/2017\/01\/DSC5140-768x513.jpg 768w, https:\/\/www.kamp-nadiza.com\/wp-content\/uploads\/2017\/01\/DSC5140.jpg 2000w\" sizes=\"(max-width: 604px) 100vw, 604px\" \/><\/a>\n\t\t\t<\/dt>\n\t\t\t\t<dd class='wp-caption-text gallery-caption' id='gallery-1-2813'>\n\t\t\t\tNadi\u017ea\n\t\t\t\t<\/dd><\/dl><br style=\"clear: both\" \/><dl class='gallery-item'>\n\t\t\t<dt class='gallery-icon landscape'>\n\t\t\t\t<a href='https:\/\/www.kamp-nadiza.com\/wp-content\/uploads\/2017\/01\/Nadi\u017ea_16-9.jpg' title=\"\" data-rl_title=\"\" class=\"rl-gallery-link\" data-rl_caption=\"\" data-rel=\"lightbox-gallery-1\"><img width=\"604\" height=\"403\" src=\"https:\/\/www.kamp-nadiza.com\/wp-content\/uploads\/2017\/01\/Nadi\u017ea_16-9-1024x684.jpg\" class=\"attachment-large size-large\" alt=\"\" loading=\"lazy\" aria-describedby=\"gallery-1-2807\" srcset=\"https:\/\/www.kamp-nadiza.com\/wp-content\/uploads\/2017\/01\/Nadi\u017ea_16-9-1024x684.jpg 1024w, https:\/\/www.kamp-nadiza.com\/wp-content\/uploads\/2017\/01\/Nadi\u017ea_16-9-300x200.jpg 300w, https:\/\/www.kamp-nadiza.com\/wp-content\/uploads\/2017\/01\/Nadi\u017ea_16-9-768x513.jpg 768w, https:\/\/www.kamp-nadiza.com\/wp-content\/uploads\/2017\/01\/Nadi\u017ea_16-9.jpg 2000w\" sizes=\"(max-width: 604px) 100vw, 604px\" \/><\/a>\n\t\t\t<\/dt>\n\t\t\t\t<dd class='wp-caption-text gallery-caption' id='gallery-1-2807'>\n\t\t\t\tNadi\u017ea\n\t\t\t\t<\/dd><\/dl><dl class='gallery-item'>\n\t\t\t<dt class='gallery-icon landscape'>\n\t\t\t\t<a href='https:\/\/www.kamp-nadiza.com\/wp-content\/uploads\/2017\/01\/DSCN9234.jpg' title=\"\" data-rl_title=\"\" class=\"rl-gallery-link\" data-rl_caption=\"\" data-rel=\"lightbox-gallery-1\"><img width=\"604\" height=\"403\" src=\"https:\/\/www.kamp-nadiza.com\/wp-content\/uploads\/2017\/01\/DSCN9234-1024x684.jpg\" class=\"attachment-large size-large\" alt=\"\" loading=\"lazy\" aria-describedby=\"gallery-1-2797\" srcset=\"https:\/\/www.kamp-nadiza.com\/wp-content\/uploads\/2017\/01\/DSCN9234-1024x684.jpg 1024w, https:\/\/www.kamp-nadiza.com\/wp-content\/uploads\/2017\/01\/DSCN9234-300x200.jpg 300w, https:\/\/www.kamp-nadiza.com\/wp-content\/uploads\/2017\/01\/DSCN9234-768x513.jpg 768w, https:\/\/www.kamp-nadiza.com\/wp-content\/uploads\/2017\/01\/DSCN9234.jpg 2000w\" sizes=\"(max-width: 604px) 100vw, 604px\" \/><\/a>\n\t\t\t<\/dt>\n\t\t\t\t<dd class='wp-caption-text gallery-caption' id='gallery-1-2797'>\n\t\t\t\tNapoleonov most\n\t\t\t\t<\/dd><\/dl><dl class='gallery-item'>\n\t\t\t<dt class='gallery-icon landscape'>\n\t\t\t\t<a href='https:\/\/www.kamp-nadiza.com\/wp-content\/uploads\/2017\/01\/DSCN0970.jpg' title=\"\" data-rl_title=\"\" class=\"rl-gallery-link\" data-rl_caption=\"\" data-rel=\"lightbox-gallery-1\"><img width=\"604\" height=\"403\" src=\"https:\/\/www.kamp-nadiza.com\/wp-content\/uploads\/2017\/01\/DSCN0970-1024x684.jpg\" class=\"attachment-large size-large\" alt=\"\" loading=\"lazy\" aria-describedby=\"gallery-1-2808\" srcset=\"https:\/\/www.kamp-nadiza.com\/wp-content\/uploads\/2017\/01\/DSCN0970-1024x684.jpg 1024w, https:\/\/www.kamp-nadiza.com\/wp-content\/uploads\/2017\/01\/DSCN0970-300x200.jpg 300w, https:\/\/www.kamp-nadiza.com\/wp-content\/uploads\/2017\/01\/DSCN0970-768x513.jpg 768w, https:\/\/www.kamp-nadiza.com\/wp-content\/uploads\/2017\/01\/DSCN0970.jpg 2000w\" sizes=\"(max-width: 604px) 100vw, 604px\" \/><\/a>\n\t\t\t<\/dt>\n\t\t\t\t<dd class='wp-caption-text gallery-caption' id='gallery-1-2808'>\n\t\t\t\tStaro jedro Breginja\n\t\t\t\t<\/dd><\/dl><br style=\"clear: both\" \/><dl class='gallery-item'>\n\t\t\t<dt class='gallery-icon landscape'>\n\t\t\t\t<a href='https:\/\/www.kamp-nadiza.com\/wp-content\/uploads\/2017\/01\/DSCN3548.jpg' title=\"\" data-rl_title=\"\" class=\"rl-gallery-link\" data-rl_caption=\"\" data-rel=\"lightbox-gallery-1\"><img width=\"604\" height=\"403\" src=\"https:\/\/www.kamp-nadiza.com\/wp-content\/uploads\/2017\/01\/DSCN3548-1024x684.jpg\" class=\"attachment-large size-large\" alt=\"\" loading=\"lazy\" aria-describedby=\"gallery-1-2809\" srcset=\"https:\/\/www.kamp-nadiza.com\/wp-content\/uploads\/2017\/01\/DSCN3548-1024x684.jpg 1024w, https:\/\/www.kamp-nadiza.com\/wp-content\/uploads\/2017\/01\/DSCN3548-300x200.jpg 300w, https:\/\/www.kamp-nadiza.com\/wp-content\/uploads\/2017\/01\/DSCN3548-768x513.jpg 768w, https:\/\/www.kamp-nadiza.com\/wp-content\/uploads\/2017\/01\/DSCN3548.jpg 2000w\" sizes=\"(max-width: 604px) 100vw, 604px\" \/><\/a>\n\t\t\t<\/dt>\n\t\t\t\t<dd class='wp-caption-text gallery-caption' id='gallery-1-2809'>\n\t\t\t\tMuzejska zbirka v Breginju\n\t\t\t\t<\/dd><\/dl><dl class='gallery-item'>\n\t\t\t<dt class='gallery-icon landscape'>\n\t\t\t\t<a href='https:\/\/www.kamp-nadiza.com\/wp-content\/uploads\/2017\/01\/DSCN0945.jpg' title=\"\" data-rl_title=\"\" class=\"rl-gallery-link\" data-rl_caption=\"\" data-rel=\"lightbox-gallery-1\"><img width=\"604\" height=\"403\" src=\"https:\/\/www.kamp-nadiza.com\/wp-content\/uploads\/2017\/01\/DSCN0945-1024x684.jpg\" class=\"attachment-large size-large\" alt=\"\" loading=\"lazy\" aria-describedby=\"gallery-1-2806\" srcset=\"https:\/\/www.kamp-nadiza.com\/wp-content\/uploads\/2017\/01\/DSCN0945-1024x684.jpg 1024w, https:\/\/www.kamp-nadiza.com\/wp-content\/uploads\/2017\/01\/DSCN0945-300x200.jpg 300w, https:\/\/www.kamp-nadiza.com\/wp-content\/uploads\/2017\/01\/DSCN0945-768x513.jpg 768w, https:\/\/www.kamp-nadiza.com\/wp-content\/uploads\/2017\/01\/DSCN0945.jpg 2000w\" sizes=\"(max-width: 604px) 100vw, 604px\" \/><\/a>\n\t\t\t<\/dt>\n\t\t\t\t<dd class='wp-caption-text gallery-caption' id='gallery-1-2806'>\n\t\t\t\tRobidi\u0161\u010de\n\t\t\t\t<\/dd><\/dl><dl class='gallery-item'>\n\t\t\t<dt class='gallery-icon landscape'>\n\t\t\t\t<a href='https:\/\/www.kamp-nadiza.com\/wp-content\/uploads\/2017\/01\/DSCN0918.jpg' title=\"\" data-rl_title=\"\" class=\"rl-gallery-link\" data-rl_caption=\"\" data-rel=\"lightbox-gallery-1\"><img width=\"604\" height=\"403\" src=\"https:\/\/www.kamp-nadiza.com\/wp-content\/uploads\/2017\/01\/DSCN0918-1024x684.jpg\" class=\"attachment-large size-large\" alt=\"\" loading=\"lazy\" aria-describedby=\"gallery-1-2811\" srcset=\"https:\/\/www.kamp-nadiza.com\/wp-content\/uploads\/2017\/01\/DSCN0918-1024x684.jpg 1024w, https:\/\/www.kamp-nadiza.com\/wp-content\/uploads\/2017\/01\/DSCN0918-300x200.jpg 300w, https:\/\/www.kamp-nadiza.com\/wp-content\/uploads\/2017\/01\/DSCN0918-768x513.jpg 768w, https:\/\/www.kamp-nadiza.com\/wp-content\/uploads\/2017\/01\/DSCN0918.jpg 2000w\" sizes=\"(max-width: 604px) 100vw, 604px\" \/><\/a>\n\t\t\t<\/dt>\n\t\t\t\t<dd class='wp-caption-text gallery-caption' id='gallery-1-2811'>\n\t\t\t\t\u010crna kuhinja Robidi\u0161\u010de\n\t\t\t\t<\/dd><\/dl><br style=\"clear: both\" \/>\n\t\t<\/div>\n\n","protected":false},"excerpt":{"rendered":"<p>Breginjski kot Breginjski Kot (\u201cBreginj Corner\u201d) is a valley at the western limit of Slovenia, lying between the villages of Staro Selo and Breginj, and along the border with Italy. The valley is bounded by the impressive Stol mountain to the North and Mt. Mija to the south. Dotted along the path of the River Nadi\u017ea are 13 small villages,&nbsp;<a href=\"https:\/\/www.kamp-nadiza.com\/en\/surroundings\/breginj-corner\/\" class=\"read-more\">Continue Reading<\/a><\/p>\n","protected":false},"author":1,"featured_media":0,"parent":3403,"menu_order":0,"comment_status":"closed","ping_status":"closed","template":"","meta":{"_monsterinsights_skip_tracking":false,"_monsterinsights_sitenote_active":false,"_monsterinsights_sitenote_note":"","_monsterinsights_sitenote_category":0},"_links":{"self":[{"href":"https:\/\/www.kamp-nadiza.com\/en\/wp-json\/wp\/v2\/pages\/3408"}],"collection":[{"href":"https:\/\/www.kamp-nadiza.com\/en\/wp-json\/wp\/v2\/pages"}],"about":[{"href":"https:\/\/www.kamp-nadiza.com\/en\/wp-json\/wp\/v2\/types\/page"}],"author":[{"embeddable":true,"href":"https:\/\/www.kamp-nadiza.com\/en\/wp-json\/wp\/v2\/users\/1"}],"replies":[{"embeddable":true,"href":"https:\/\/www.kamp-nadiza.com\/en\/wp-json\/wp\/v2\/comments?post=3408"}],"version-history":[{"count":1,"href":"https:\/\/www.kamp-nadiza.com\/en\/wp-json\/wp\/v2\/pages\/3408\/revisions"}],"predecessor-version":[{"id":3409,"href":"https:\/\/www.kamp-nadiza.com\/en\/wp-json\/wp\/v2\/pages\/3408\/revisions\/3409"}],"up":[{"embeddable":true,"href":"https:\/\/www.kamp-nadiza.com\/en\/wp-json\/wp\/v2\/pages\/3403"}],"wp:attachment":[{"href":"https:\/\/www.kamp-nadiza.com\/en\/wp-json\/wp\/v2\/media?parent=3408"}],"curies":[{"name":"wp","href":"https:\/\/api.w.org\/{rel}","templated":true}]}}