{"id":3416,"date":"2018-06-13T11:31:41","date_gmt":"2018-06-13T09:31:41","guid":{"rendered":"https:\/\/www.kamp-nadiza.com\/?page_id=3416"},"modified":"2025-05-06T10:07:42","modified_gmt":"2025-05-06T08:07:42","slug":"links","status":"publish","type":"page","link":"https:\/\/www.kamp-nadiza.com\/en\/surroundings\/links\/","title":{"rendered":"Links"},"content":{"rendered":"<p style=\"text-align: center;\"><a href=\"https:\/\/www.booking.com\/hotel\/si\/sb.sl.html\" target=\"_blank\" rel=\"noopener noreferrer\"><img class=\"wp-image-9932 size-medium aligncenter\" src=\"https:\/\/www.kamp-nadiza.com\/wp-content\/uploads\/2025\/05\/web268334835-300x177.jpg\" alt=\"\" height=\"126\" srcset=\"https:\/\/www.kamp-nadiza.com\/wp-content\/uploads\/2025\/05\/web268334835-300x177.jpg 300w, https:\/\/www.kamp-nadiza.com\/wp-content\/uploads\/2025\/05\/web268334835.jpg 339w\" sizes=\"(max-width: 300px) 100vw, 300px\" \/>Hi\u0161a Belin - hi\u0161a z dvema spalnicama \/ house with two bedrooms<\/a><br \/>\n00386 68 168 184, <a href=\"mailto:pavlinsilva@gmail.com\">pavlinsilva@gmail.com<\/a>, Silva Pavlin<\/p>\n<p><a href=\"https:\/\/www.booking.com\/hotel\/si\/hisa-natasa.sl.html\" target=\"_blank\" rel=\"noopener noreferrer\"><img loading=\"lazy\" class=\"aligncenter wp-image-2724 size-full\" src=\"https:\/\/kamp-nadiza.com\/wp-content\/uploads\/2017\/01\/baner-kurincic.jpg\" alt=\"Apartma Nata\u0161a\" width=\"720\" height=\"90\" srcset=\"https:\/\/www.kamp-nadiza.com\/wp-content\/uploads\/2017\/01\/baner-kurincic.jpg 720w, https:\/\/www.kamp-nadiza.com\/wp-content\/uploads\/2017\/01\/baner-kurincic-300x38.jpg 300w\" sizes=\"(max-width: 720px) 100vw, 720px\" \/><\/a><\/p>\n<p><a href=\"http:\/\/www.avtokampi.si\/\" target=\"_blank\" rel=\"noopener noreferrer\"><img loading=\"lazy\" class=\"aligncenter wp-image-2728 size-full\" src=\"https:\/\/kamp-nadiza.com\/wp-content\/uploads\/2017\/01\/logo-avtokampi.jpg\" alt=\"Avtokampi.si\" width=\"220\" height=\"126\" \/><\/a><\/p>\n<p><a href=\"http:\/\/www.potmiru.si\/\" target=\"_blank\" rel=\"noopener noreferrer\"><img loading=\"lazy\" class=\"aligncenter wp-image-2723 size-full\" src=\"https:\/\/kamp-nadiza.com\/wp-content\/uploads\/2017\/01\/baner-fundacija.jpg\" alt=\"Fundacija Poti miru\" width=\"720\" height=\"90\" srcset=\"https:\/\/www.kamp-nadiza.com\/wp-content\/uploads\/2017\/01\/baner-fundacija.jpg 720w, https:\/\/www.kamp-nadiza.com\/wp-content\/uploads\/2017\/01\/baner-fundacija-300x38.jpg 300w\" sizes=\"(max-width: 720px) 100vw, 720px\" \/><\/a><\/p>\n<p><a href=\"http:\/\/www.apartmaji-tonkli.si\/\" target=\"_blank\" rel=\"noopener noreferrer\"><img loading=\"lazy\" class=\"aligncenter wp-image-2725 size-full\" src=\"https:\/\/kamp-nadiza.com\/wp-content\/uploads\/2017\/01\/logo-tonkli.jpg\" alt=\"Po\u010ditni\u0161ka hi\u0161a kmetije Tonkli\" width=\"414\" height=\"160\" srcset=\"https:\/\/www.kamp-nadiza.com\/wp-content\/uploads\/2017\/01\/logo-tonkli.jpg 414w, https:\/\/www.kamp-nadiza.com\/wp-content\/uploads\/2017\/01\/logo-tonkli-300x116.jpg 300w\" sizes=\"(max-width: 414px) 100vw, 414px\" \/><\/a><\/p>\n<p><a href=\"http:\/\/www.breginjski-kot.com\/\" target=\"_blank\" rel=\"noopener noreferrer\"><img loading=\"lazy\" class=\"aligncenter wp-image-2722 size-full\" src=\"https:\/\/kamp-nadiza.com\/wp-content\/uploads\/2017\/01\/baner-br-kot.jpg\" alt=\"Breginjski kot\" width=\"728\" height=\"90\" srcset=\"https:\/\/www.kamp-nadiza.com\/wp-content\/uploads\/2017\/01\/baner-br-kot.jpg 728w, https:\/\/www.kamp-nadiza.com\/wp-content\/uploads\/2017\/01\/baner-br-kot-300x37.jpg 300w\" sizes=\"(max-width: 728px) 100vw, 728px\" \/><\/a><\/p>\n<div class=\"aligncenter\"><div class=\"lyte-wrapper\" style=\"width:853px;max-width:100%;margin:5px auto;\"><div class=\"lyMe hidef\" id=\"WYL_fQJzjaEPbDo\"><div id=\"lyte_fQJzjaEPbDo\" data-src=\"\/\/i.ytimg.com\/vi\/fQJzjaEPbDo\/hqdefault.jpg\" class=\"pL\"><div class=\"tC\"><div class=\"tT\"><\/div><\/div><div class=\"play\"><\/div><div class=\"ctrl\"><div class=\"Lctrl\"><\/div><div class=\"Rctrl\"><\/div><\/div><\/div><noscript><a href=\"https:\/\/youtu.be\/fQJzjaEPbDo\" data-rel=\"lightbox-video-0\" rel=\"nofollow\"><img src=\"https:\/\/i.ytimg.com\/vi\/fQJzjaEPbDo\/0.jpg\" alt=\"YouTube video thumbnail\" width=\"853\" height=\"460\" \/><br \/>Watch this video on YouTube<\/a><\/noscript><\/div><\/div><div class=\"lL\" style=\"max-width:100%;width:853px;margin:5px auto;\"><\/div><\/div>\n<div align=\"center\">\n<table cellpadding=\"10\" align=\"center\">\n<tbody>\n<tr>\n<td><a href=\"http:\/\/www.camperado.com\" target=\"_blank\" rel=\"noopener noreferrer\"><img loading=\"lazy\" class=\"alignnone size-full wp-image-2727\" src=\"https:\/\/kamp-nadiza.com\/wp-content\/uploads\/2017\/01\/logo_camperado.jpg\" alt=\"\" width=\"159\" height=\"30\" \/><\/a><\/td>\n<td rowspan=\"3\"><\/td>\n<\/tr>\n<tr>\n<td><a href=\"http:\/\/en.camping.info\/\" target=\"_blank\" rel=\"noopener noreferrer\"><img loading=\"lazy\" class=\"alignnone size-full wp-image-2729\" src=\"https:\/\/kamp-nadiza.com\/wp-content\/uploads\/2017\/01\/logo-campingguide.gif\" alt=\"\" width=\"131\" height=\"40\" \/><\/a><\/td>\n<\/tr>\n<tr>\n<td><\/td>\n<\/tr>\n<\/tbody>\n<\/table>\n<\/div>\n<p><a href=\"http:\/\/www.campingnavigator.com\/nl\/campings-slovenie\/alle-regios-in-slovenie\/nadiza\/\" target=\"_blank\" rel=\"noopener noreferrer\"><img loading=\"lazy\" class=\"wp-image-3061 size-medium aligncenter\" title=\"camping navigator\" src=\"http:\/\/www.kamp-nadiza.com\/wp-content\/uploads\/2017\/11\/CN-certifiedpartner1-300x196.jpg\" alt=\"\" width=\"300\" height=\"196\" srcset=\"https:\/\/www.kamp-nadiza.com\/wp-content\/uploads\/2017\/11\/CN-certifiedpartner1-300x196.jpg 300w, https:\/\/www.kamp-nadiza.com\/wp-content\/uploads\/2017\/11\/CN-certifiedpartner1-768x503.jpg 768w, https:\/\/www.kamp-nadiza.com\/wp-content\/uploads\/2017\/11\/CN-certifiedpartner1-1024x670.jpg 1024w, https:\/\/www.kamp-nadiza.com\/wp-content\/uploads\/2017\/11\/CN-certifiedpartner1.jpg 1458w\" sizes=\"(max-width: 300px) 100vw, 300px\" \/><\/a><\/p>\n<p><a href=\"https:\/\/www.nestcampers.com\/en\" target=\"_blank\" rel=\"noopener noreferrer\"><img loading=\"lazy\" class=\"aligncenter wp-image-6859\" src=\"https:\/\/www.kamp-nadiza.com\/wp-content\/uploads\/2021\/06\/NestCampers_PANTONE-248x300.png\" alt=\"\" width=\"165\" height=\"200\" srcset=\"https:\/\/www.kamp-nadiza.com\/wp-content\/uploads\/2021\/06\/NestCampers_PANTONE-248x300.png 248w, https:\/\/www.kamp-nadiza.com\/wp-content\/uploads\/2021\/06\/NestCampers_PANTONE.png 316w\" sizes=\"(max-width: 165px) 100vw, 165px\" \/><\/a><\/p>\n","protected":false},"excerpt":{"rendered":"<p>Hi\u0161a Belin - hi\u0161a z dvema spalnicama \/ house with two bedrooms 00386 68 168 184, pavlinsilva@gmail.com, Silva Pavlin<\/p>\n","protected":false},"author":1,"featured_media":0,"parent":3403,"menu_order":0,"comment_status":"closed","ping_status":"closed","template":"","meta":{"_monsterinsights_skip_tracking":false,"_monsterinsights_sitenote_active":false,"_monsterinsights_sitenote_note":"","_monsterinsights_sitenote_category":0},"_links":{"self":[{"href":"https:\/\/www.kamp-nadiza.com\/en\/wp-json\/wp\/v2\/pages\/3416"}],"collection":[{"href":"https:\/\/www.kamp-nadiza.com\/en\/wp-json\/wp\/v2\/pages"}],"about":[{"href":"https:\/\/www.kamp-nadiza.com\/en\/wp-json\/wp\/v2\/types\/page"}],"author":[{"embeddable":true,"href":"https:\/\/www.kamp-nadiza.com\/en\/wp-json\/wp\/v2\/users\/1"}],"replies":[{"embeddable":true,"href":"https:\/\/www.kamp-nadiza.com\/en\/wp-json\/wp\/v2\/comments?post=3416"}],"version-history":[{"count":11,"href":"https:\/\/www.kamp-nadiza.com\/en\/wp-json\/wp\/v2\/pages\/3416\/revisions"}],"predecessor-version":[{"id":9936,"href":"https:\/\/www.kamp-nadiza.com\/en\/wp-json\/wp\/v2\/pages\/3416\/revisions\/9936"}],"up":[{"embeddable":true,"href":"https:\/\/www.kamp-nadiza.com\/en\/wp-json\/wp\/v2\/pages\/3403"}],"wp:attachment":[{"href":"https:\/\/www.kamp-nadiza.com\/en\/wp-json\/wp\/v2\/media?parent=3416"}],"curies":[{"name":"wp","href":"https:\/\/api.w.org\/{rel}","templated":true}]}}